{"id":448,"date":"2023-10-13T13:29:30","date_gmt":"2023-10-13T13:29:30","guid":{"rendered":"https:\/\/aplikasa.pl\/?page_id=448"},"modified":"2023-10-18T10:08:37","modified_gmt":"2023-10-18T10:08:37","slug":"myjnie-i-automaty-sprzedazowe","status":"publish","type":"page","link":"https:\/\/aplikasa.pl\/index.php\/myjnie-i-automaty-sprzedazowe\/","title":{"rendered":"Myjnie i automaty sprzeda\u017cowe"},"content":{"rendered":"<div class=\"fusion-fullwidth fullwidth-box fusion-builder-row-1 fusion-flex-container has-pattern-background has-mask-background nonhundred-percent-fullwidth non-hundred-percent-height-scrolling\" style=\"--awb-border-radius-top-left:0px;--awb-border-radius-top-right:0px;--awb-border-radius-bottom-right:0px;--awb-border-radius-bottom-left:0px;--awb-flex-wrap:wrap;\" ><div class=\"fusion-builder-row fusion-row fusion-flex-align-items-flex-start fusion-flex-content-wrap\" style=\"max-width:1248px;margin-left: calc(-4% \/ 2 );margin-right: calc(-4% \/ 2 );\"><div class=\"fusion-layout-column fusion_builder_column fusion-builder-column-0 fusion_builder_column_1_1 1_1 fusion-flex-column\" style=\"--awb-bg-size:cover;--awb-width-large:100%;--awb-margin-top-large:0px;--awb-spacing-right-large:1.92%;--awb-margin-bottom-large:20px;--awb-spacing-left-large:1.92%;--awb-width-medium:100%;--awb-order-medium:0;--awb-spacing-right-medium:1.92%;--awb-spacing-left-medium:1.92%;--awb-width-small:100%;--awb-order-small:0;--awb-spacing-right-small:1.92%;--awb-spacing-left-small:1.92%;\"><div class=\"fusion-column-wrapper fusion-column-has-shadow fusion-flex-justify-content-flex-start fusion-content-layout-column\"><div class=\"fusion-title title fusion-title-1 fusion-sep-none fusion-title-text fusion-title-size-one\" style=\"--awb-margin-top:50px;--awb-margin-bottom:50px;--awb-sep-color:var(--awb-custom_color_4);\"><h1 class=\"fusion-title-heading title-heading-left\" style=\"font-family:&quot;Lato&quot;;font-style:normal;font-weight:400;margin:0;\">Nasi partnerzy<\/h1><\/div><div class=\"fusion-content-boxes content-boxes columns row fusion-columns-1 fusion-columns-total-3 fusion-content-boxes-1 content-boxes-icon-with-title content-left\" style=\"--awb-hover-accent-color:var(--awb-custom_color_5);--awb-circle-hover-accent-color:var(--awb-custom_color_5);--awb-item-margin-bottom:40px;\" data-animationOffset=\"top-into-view\"><div style=\"--awb-backgroundcolor:var(--awb-color2);\" class=\"fusion-column content-box-column content-box-column content-box-column-1 col-lg-12 col-md-12 col-sm-12 fusion-content-box-hover content-box-column-last-in-row\"><div class=\"col content-box-wrapper content-wrapper-background link-area-link-icon link-type-text content-icon-wrapper-yes icon-hover-animation-fade\" data-animationOffset=\"top-into-view\"><div class=\"heading heading-with-icon icon-left\"><a class=\"heading-link\" style=\"float:left;\" href=\"https:\/\/nayax.pl\/\" target=\"_self\"><div aria-hidden=\"true\" class=\"image\"><img src=\"https:\/\/aplikasa.pl\/wp-content\/uploads\/2023\/10\/nayax-black-300x82.png\" width=\"300\" height=\"82\" alt=\"\" \/><\/div><\/a><\/div><div class=\"fusion-clearfix\"><\/div><div class=\"content-container\">\n<p>Nayax<\/p>\n<p>Samoobs\u0142ugowe terminale p\u0142atnicze i telemetria<\/p>\n<\/div><div class=\"fusion-clearfix\"><\/div><a class=\" fusion-read-more\" style=\"float:left;\" href=\"https:\/\/nayax.pl\/\" target=\"_self\">Przejd\u017a na stron\u0119 partnera<\/a><div class=\"fusion-clearfix\"><\/div><\/div><\/div><div style=\"--awb-backgroundcolor:var(--awb-color2);\" class=\"fusion-column content-box-column content-box-column content-box-column-2 col-lg-12 col-md-12 col-sm-12 fusion-content-box-hover content-box-column-last-in-row\"><div class=\"col content-box-wrapper content-wrapper-background link-area-link-icon link-type-text content-icon-wrapper-yes icon-hover-animation-fade\" data-animationOffset=\"top-into-view\"><div class=\"heading heading-with-icon icon-left\"><a class=\"heading-link\" style=\"float:left;\" href=\"https:\/\/myjnia123.pl\/\" target=\"_self\"><div aria-hidden=\"true\" class=\"image\"><img src=\"https:\/\/aplikasa.pl\/wp-content\/uploads\/2023\/10\/logo-myjnia123.pl_-300x99.png\" width=\"300\" height=\"99\" alt=\"\" \/><\/div><\/a><\/div><div class=\"fusion-clearfix\"><\/div><div class=\"content-container\">\n<p>Myjnia123.pl<\/p>\n<p>Fiskalizacja myjni prostsza<br \/>\nni\u017c my\u015blisz<\/p>\n<\/div><div class=\"fusion-clearfix\"><\/div><a class=\" fusion-read-more\" style=\"float:left;\" href=\"https:\/\/myjnia123.pl\/\" target=\"_self\">Przejd\u017a na stron\u0119 partnera<\/a><div class=\"fusion-clearfix\"><\/div><\/div><\/div><div style=\"--awb-backgroundcolor:var(--awb-color2);\" class=\"fusion-column content-box-column content-box-column content-box-column-3 col-lg-12 col-md-12 col-sm-12 fusion-content-box-hover content-box-column-last content-box-column-last-in-row\"><div class=\"col content-box-wrapper content-wrapper-background link-area-link-icon link-type-text content-icon-wrapper-yes icon-hover-animation-fade\" data-animationOffset=\"top-into-view\"><div class=\"heading heading-with-icon icon-left\"><a class=\"heading-link\" style=\"float:left;\" href=\"https:\/\/naszemyjnie.pl\/\" target=\"_self\"><div aria-hidden=\"true\" class=\"image\"><img src=\"https:\/\/aplikasa.pl\/wp-content\/uploads\/2023\/10\/logo-nasze-myjnie-300x134.png\" width=\"300\" height=\"134\" alt=\"\" \/><\/div><\/a><\/div><div class=\"fusion-clearfix\"><\/div><div class=\"content-container\">\n<p>Stowarzyszenie NASZE MYJNIE<\/p>\n<p>Stowarzyszenie Nasze Myjnie powsta\u0142o by prowadzi\u0107 dzia\u0142alno\u015b\u0107 publiczn\u0105 na rzecz w\u0142a\u015bcicieli myjni samochodowych, reprezentowa\u0107 wsp\u00f3lne stanowisko na forum publicznym, wspiera\u0107 i integrowa\u0107 nasze \u015brodowisko.<\/p>\n<\/div><div class=\"fusion-clearfix\"><\/div><a class=\" fusion-read-more\" style=\"float:left;\" href=\"https:\/\/naszemyjnie.pl\/\" target=\"_self\">Przejd\u017a na stron\u0119 partnera<\/a><div class=\"fusion-clearfix\"><\/div><\/div><\/div><div class=\"fusion-clearfix\"><\/div><\/div><\/div><\/div><\/div><\/div>\n","protected":false},"excerpt":{"rendered":"","protected":false},"author":2,"featured_media":0,"parent":0,"menu_order":0,"comment_status":"closed","ping_status":"closed","template":"100-width.php","meta":{"footnotes":""},"_links":{"self":[{"href":"https:\/\/aplikasa.pl\/index.php\/wp-json\/wp\/v2\/pages\/448"}],"collection":[{"href":"https:\/\/aplikasa.pl\/index.php\/wp-json\/wp\/v2\/pages"}],"about":[{"href":"https:\/\/aplikasa.pl\/index.php\/wp-json\/wp\/v2\/types\/page"}],"author":[{"embeddable":true,"href":"https:\/\/aplikasa.pl\/index.php\/wp-json\/wp\/v2\/users\/2"}],"replies":[{"embeddable":true,"href":"https:\/\/aplikasa.pl\/index.php\/wp-json\/wp\/v2\/comments?post=448"}],"version-history":[{"count":3,"href":"https:\/\/aplikasa.pl\/index.php\/wp-json\/wp\/v2\/pages\/448\/revisions"}],"predecessor-version":[{"id":472,"href":"https:\/\/aplikasa.pl\/index.php\/wp-json\/wp\/v2\/pages\/448\/revisions\/472"}],"wp:attachment":[{"href":"https:\/\/aplikasa.pl\/index.php\/wp-json\/wp\/v2\/media?parent=448"}],"curies":[{"name":"wp","href":"https:\/\/api.w.org\/{rel}","templated":true}]}}