{"id":437,"date":"2023-10-13T11:41:44","date_gmt":"2023-10-13T11:41:44","guid":{"rendered":"https:\/\/aplikasa.pl\/?page_id=437"},"modified":"2024-11-14T09:34:58","modified_gmt":"2024-11-14T09:34:58","slug":"gastronomia-partnerzy","status":"publish","type":"page","link":"https:\/\/aplikasa.pl\/index.php\/gastronomia-partnerzy\/","title":{"rendered":"Gastronomia-partnerzy"},"content":{"rendered":"<div class=\"fusion-fullwidth fullwidth-box fusion-builder-row-1 fusion-flex-container has-pattern-background has-mask-background nonhundred-percent-fullwidth non-hundred-percent-height-scrolling\" style=\"--awb-border-radius-top-left:0px;--awb-border-radius-top-right:0px;--awb-border-radius-bottom-right:0px;--awb-border-radius-bottom-left:0px;--awb-flex-wrap:wrap;\" ><div class=\"fusion-builder-row fusion-row fusion-flex-align-items-flex-start fusion-flex-content-wrap\" style=\"max-width:1248px;margin-left: calc(-4% \/ 2 );margin-right: calc(-4% \/ 2 );\"><div class=\"fusion-layout-column fusion_builder_column fusion-builder-column-0 fusion_builder_column_1_1 1_1 fusion-flex-column\" style=\"--awb-bg-size:cover;--awb-width-large:100%;--awb-margin-top-large:0px;--awb-spacing-right-large:1.92%;--awb-margin-bottom-large:20px;--awb-spacing-left-large:1.92%;--awb-width-medium:100%;--awb-order-medium:0;--awb-spacing-right-medium:1.92%;--awb-spacing-left-medium:1.92%;--awb-width-small:100%;--awb-order-small:0;--awb-spacing-right-small:1.92%;--awb-spacing-left-small:1.92%;\"><div class=\"fusion-column-wrapper fusion-column-has-shadow fusion-flex-justify-content-flex-start fusion-content-layout-column\"><div class=\"fusion-title title fusion-title-1 fusion-sep-none fusion-title-text fusion-title-size-one\" style=\"--awb-margin-top:50px;--awb-margin-bottom:50px;--awb-sep-color:var(--awb-custom_color_4);\"><h1 class=\"fusion-title-heading title-heading-left\" style=\"font-family:&quot;Lato&quot;;font-style:normal;font-weight:400;margin:0;\">Nasi partnerzy<\/h1><\/div><div class=\"fusion-content-boxes content-boxes columns row fusion-columns-1 fusion-columns-total-1 fusion-content-boxes-1 content-boxes-icon-with-title content-left\" style=\"--awb-hover-accent-color:var(--awb-custom_color_5);--awb-circle-hover-accent-color:var(--awb-custom_color_5);--awb-item-margin-bottom:40px;\" data-animationOffset=\"top-into-view\"><div style=\"--awb-backgroundcolor:var(--awb-color2);\" class=\"fusion-column content-box-column content-box-column content-box-column-1 col-lg-12 col-md-12 col-sm-12 fusion-content-box-hover content-box-column-last content-box-column-last-in-row\"><div class=\"col content-box-wrapper content-wrapper-background link-area-link-icon link-type-text content-icon-wrapper-yes icon-hover-animation-fade\" data-animationOffset=\"top-into-view\"><div class=\"heading heading-with-icon icon-left\"><a class=\"heading-link\" style=\"float:left;\" href=\"https:\/\/fodimi.pl\/\" target=\"_self\"><div aria-hidden=\"true\" class=\"image\"><img src=\"https:\/\/aplikasa.pl\/wp-content\/uploads\/2023\/10\/fodimi-logo-no-background-300x72.png\" width=\"300\" height=\"72\" alt=\"\" \/><\/div><\/a><\/div><div class=\"fusion-clearfix\"><\/div><div class=\"content-container\">\n<p>Fodimi<\/p>\n<p>Innowacyjny i nowoczesny system POS dla Twojej restauracji<\/p>\n<\/div><div class=\"fusion-clearfix\"><\/div><a class=\" fusion-read-more\" style=\"float:left;\" href=\"https:\/\/fodimi.pl\/\" target=\"_self\">Przejd\u017a na stron\u0119 partnera<\/a><div class=\"fusion-clearfix\"><\/div><\/div><\/div><div class=\"fusion-clearfix\"><\/div><\/div><div class=\"fusion-content-boxes content-boxes columns row fusion-columns-1 fusion-columns-total-1 fusion-content-boxes-2 content-boxes-icon-with-title content-left\" style=\"--awb-hover-accent-color:var(--awb-custom_color_5);--awb-circle-hover-accent-color:var(--awb-custom_color_5);--awb-item-margin-bottom:40px;\" data-animationOffset=\"top-into-view\"><div style=\"--awb-backgroundcolor:var(--awb-color2);\" class=\"fusion-column content-box-column content-box-column content-box-column-1 col-lg-12 col-md-12 col-sm-12 fusion-content-box-hover content-box-column-last content-box-column-last-in-row\"><div class=\"col content-box-wrapper content-wrapper-background link-area-link-icon link-type-text content-icon-wrapper-yes icon-hover-animation-fade\" data-animationOffset=\"top-into-view\"><div class=\"heading heading-with-icon icon-left\"><a class=\"heading-link\" style=\"float:left;\" href=\"https:\/\/know-how.com.pl\/\" target=\"_self\"><div aria-hidden=\"true\" class=\"image\"><img src=\"https:\/\/aplikasa.pl\/wp-content\/uploads\/2023\/10\/know-how-300x61.png\" width=\"300\" height=\"61\" alt=\"\" \/><\/div><\/a><\/div><div class=\"fusion-clearfix\"><\/div><div class=\"content-container\">\n<p>KNOW-HOW<\/p>\n<p>GoRest System &#8211; to modu\u0142owe rozwi\u0105zanie stworzone dla obiekt\u00f3w gastronomicznych ka\u017cdego typu.<\/p>\n<\/div><div class=\"fusion-clearfix\"><\/div><a class=\" fusion-read-more\" style=\"float:left;\" href=\"https:\/\/know-how.com.pl\/\" target=\"_self\">Przejd\u017a na stron\u0119 partnera<\/a><div class=\"fusion-clearfix\"><\/div><\/div><\/div><div class=\"fusion-clearfix\"><\/div><\/div><div class=\"fusion-content-boxes content-boxes columns row fusion-columns-1 fusion-columns-total-1 fusion-content-boxes-3 content-boxes-icon-with-title content-left\" style=\"--awb-hover-accent-color:var(--awb-custom_color_5);--awb-circle-hover-accent-color:var(--awb-custom_color_5);--awb-item-margin-bottom:40px;\" data-animationOffset=\"top-into-view\"><div style=\"--awb-backgroundcolor:var(--awb-color2);\" class=\"fusion-column content-box-column content-box-column content-box-column-1 col-lg-12 col-md-12 col-sm-12 fusion-content-box-hover content-box-column-last content-box-column-last-in-row\"><div class=\"col content-box-wrapper content-wrapper-background link-area-link-icon link-type-text content-icon-wrapper-yes icon-hover-animation-fade\" data-animationOffset=\"top-into-view\"><div class=\"heading heading-with-icon icon-left\"><a class=\"heading-link\" style=\"float:left;\" href=\"https:\/\/wealthon.com\/narzedzia-dla-biznesu\/wealthon-pos\/\" target=\"_self\"><div aria-hidden=\"true\" class=\"image\"><img src=\"https:\/\/aplikasa.pl\/wp-content\/uploads\/2024\/03\/wealthon.png\" width=\"200\" height=\"23\" alt=\"\" \/><\/div><\/a><\/div><div class=\"fusion-clearfix\"><\/div><div class=\"content-container\">\n<p>WEALTHON POS<\/p>\n<p>System POS do prowadzenia Twojej firmy. Narz\u0119dzia, kt\u00f3re u\u0142atwi\u0105 codzienn\u0105 prac\u0119 w Twoim biznesie.<br \/>Od lokalu, przez zam\u00f3wienia online, a\u017c po magazyn.<\/p>\n<\/div><div class=\"fusion-clearfix\"><\/div><a class=\" fusion-read-more\" style=\"float:left;\" href=\"https:\/\/wealthon.com\/narzedzia-dla-biznesu\/wealthon-pos\/\" target=\"_self\">Przejd\u017a na stron\u0119 partnera<\/a><div class=\"fusion-clearfix\"><\/div><\/div><\/div><div class=\"fusion-clearfix\"><\/div><\/div><div class=\"fusion-content-boxes content-boxes columns row fusion-columns-1 fusion-columns-total-1 fusion-content-boxes-4 content-boxes-icon-with-title content-left\" style=\"--awb-hover-accent-color:var(--awb-custom_color_5);--awb-circle-hover-accent-color:var(--awb-custom_color_5);--awb-item-margin-bottom:40px;\" data-animationOffset=\"top-into-view\"><div style=\"--awb-backgroundcolor:var(--awb-color2);\" class=\"fusion-column content-box-column content-box-column content-box-column-1 col-lg-12 col-md-12 col-sm-12 fusion-content-box-hover content-box-column-last content-box-column-last-in-row\"><div class=\"col content-box-wrapper content-wrapper-background link-area-link-icon link-type-text content-icon-wrapper-yes icon-hover-animation-fade\" data-animationOffset=\"top-into-view\"><div class=\"heading heading-with-icon icon-left\"><a class=\"heading-link\" style=\"float:left;\" href=\"https:\/\/nomee.pl\/\" target=\"_self\"><div aria-hidden=\"true\" class=\"image\"><img src=\"https:\/\/aplikasa.pl\/wp-content\/uploads\/2023\/10\/nemee-300x132.png\" width=\"300\" height=\"132\" alt=\"\" \/><\/div><\/a><\/div><div class=\"fusion-clearfix\"><\/div><div class=\"content-container\">\n<p>NOMEE POS<\/p>\n<p>Usprawnij dzia\u0142anie swojego lokalu gastronomicznego instaluj\u0105c system nomee i oszcz\u0119d\u017a sw\u00f3j czas oraz twojego zespo\u0142u.<\/p>\n<\/div><div class=\"fusion-clearfix\"><\/div><a class=\" fusion-read-more\" style=\"float:left;\" href=\"https:\/\/nomee.pl\/\" target=\"_self\">Przejd\u017a na stron\u0119 partnera<\/a><div class=\"fusion-clearfix\"><\/div><\/div><\/div><div class=\"fusion-clearfix\"><\/div><\/div><div class=\"fusion-content-boxes content-boxes columns row fusion-columns-1 fusion-columns-total-1 fusion-content-boxes-5 content-boxes-icon-with-title content-left\" style=\"--awb-hover-accent-color:var(--awb-custom_color_5);--awb-circle-hover-accent-color:var(--awb-custom_color_5);--awb-item-margin-bottom:40px;\" data-animationOffset=\"top-into-view\"><div style=\"--awb-backgroundcolor:var(--awb-color2);\" class=\"fusion-column content-box-column content-box-column content-box-column-1 col-lg-12 col-md-12 col-sm-12 fusion-content-box-hover content-box-column-last content-box-column-last-in-row\"><div class=\"col content-box-wrapper content-wrapper-background link-area-link-icon link-type-text content-icon-wrapper-yes icon-hover-animation-fade\" data-animationOffset=\"top-into-view\"><div class=\"heading heading-with-icon icon-left\"><a class=\"heading-link\" style=\"float:left;\" href=\"https:\/\/omnidigital.pl\/\" target=\"_self\"><div aria-hidden=\"true\" class=\"image\"><img src=\"https:\/\/aplikasa.pl\/wp-content\/uploads\/2023\/10\/omnidigital-pl-300x33.png\" width=\"300\" height=\"33\" alt=\"\" \/><\/div><\/a><\/div><div class=\"fusion-clearfix\"><\/div><div class=\"content-container\">\n<p>OMNIDIGITAL<\/p>\n<p>Dostarczamy rozwi\u0105zania digital osadzone w kontek\u015bcie wspieraj\u0105cym sprzeda\u017c.<\/p>\n<p>Analizujemy przestrze\u0144, potrzeby oraz zachowania Twoich klient\u00f3w, aby zrozumie\u0107 jaka technologia b\u0119dzie realizowa\u0107 ich i Twoje oczekiwania.<br \/>Tworzymy strategie u\u017cycia poszczeg\u00f3lnych technologii, dostarczamy scenariusze \u201e\u015bcie\u017cek klienta\u201d zgodne z CX (customer experience) oraz wspieraj\u0105ce SX (shopping experience).<br \/>Wiemy, jak \u0142\u0105czy\u0107 r\u00f3\u017cne rozwi\u0105zania i jak wdra\u017ca\u0107 je w taki spos\u00f3b, aby osi\u0105ga\u0142y zamierzony cel i by\u0142y biznesowo oraz wizerunkowo skuteczne.<\/p>\n<p>&nbsp;<\/p>\n<\/div><div class=\"fusion-clearfix\"><\/div><a class=\" fusion-read-more\" style=\"float:left;\" href=\"https:\/\/omnidigital.pl\/\" target=\"_self\">Przejd\u017a na stron\u0119 partnera<\/a><div class=\"fusion-clearfix\"><\/div><\/div><\/div><div class=\"fusion-clearfix\"><\/div><\/div><div class=\"fusion-content-boxes content-boxes columns row fusion-columns-1 fusion-columns-total-1 fusion-content-boxes-6 content-boxes-icon-with-title content-left\" style=\"--awb-hover-accent-color:var(--awb-custom_color_5);--awb-circle-hover-accent-color:var(--awb-custom_color_5);--awb-item-margin-bottom:40px;\" data-animationOffset=\"top-into-view\"><div style=\"--awb-backgroundcolor:var(--awb-color2);\" class=\"fusion-column content-box-column content-box-column content-box-column-1 col-lg-12 col-md-12 col-sm-12 fusion-content-box-hover content-box-column-last content-box-column-last-in-row\"><div class=\"col content-box-wrapper content-wrapper-background link-area-link-icon link-type-text content-icon-wrapper-yes icon-hover-animation-fade\" data-animationOffset=\"top-into-view\"><div class=\"heading heading-with-icon icon-left\"><a class=\"heading-link\" style=\"float:left;\" href=\"https:\/\/zamow.online\/\" target=\"_self\"><div aria-hidden=\"true\" class=\"image\"><img src=\"https:\/\/aplikasa.pl\/wp-content\/uploads\/2024\/10\/zamow-online-dla-gastronomii-36c.png\" width=\"205\" height=\"44\" alt=\"\" \/><\/div><\/a><\/div><div class=\"fusion-clearfix\"><\/div><div class=\"content-container\">\n<p>zamow.online<\/p>\n<p>System dla gastronomii<\/p>\n<p>Zarz\u0105dzasz restauracj\u0105, pizzeri\u0105, barem, fast foodem, kawiarni\u0105<br \/>lub innym punktem gastronomicznym?<br \/>Mamy co\u015b dla Ciebie.<\/p>\n<p>Nie pobieramy \u017cadnej prowizji od ilo\u015bci czy obrotu. P\u0142acisz sta\u0142y i niski abonament, z g\u00f3ry znasz koszt.<\/p>\n<p>Nie po\u015bredniczymy w p\u0142atno\u015bciach on-line, trafiaj\u0105 one bezpo\u015brednio na Tw\u00f3j rachunek!<\/p>\n<p>Korzystaj\u0105c z naszych rozwi\u0105za\u0144 mo\u017cesz w kompleksowy spos\u00f3b zarz\u0105dza\u0107 swoj\u0105 gastronomi\u0105.<\/p>\n<p>Jedna aplikacja do obs\u0142ugi i monitorowania wszystkich narz\u0119dzi z naszej oferty \u2013 przez Internet.<\/p>\n<p>&nbsp;<\/p>\n<\/div><div class=\"fusion-clearfix\"><\/div><a class=\" fusion-read-more\" style=\"float:left;\" href=\"https:\/\/zamow.online\/\" target=\"_self\">Przejd\u017a na stron\u0119 partnera<\/a><div class=\"fusion-clearfix\"><\/div><\/div><\/div><div class=\"fusion-clearfix\"><\/div><\/div><div class=\"fusion-content-boxes content-boxes columns row fusion-columns-1 fusion-columns-total-1 fusion-content-boxes-7 content-boxes-icon-with-title content-left\" style=\"--awb-hover-accent-color:var(--awb-custom_color_5);--awb-circle-hover-accent-color:var(--awb-custom_color_5);--awb-item-margin-bottom:40px;\" data-animationOffset=\"top-into-view\"><div style=\"--awb-backgroundcolor:var(--awb-color2);\" class=\"fusion-column content-box-column content-box-column content-box-column-1 col-lg-12 col-md-12 col-sm-12 fusion-content-box-hover content-box-column-last content-box-column-last-in-row\"><div class=\"col content-box-wrapper content-wrapper-background link-area-link-icon link-type-text content-icon-wrapper-yes icon-hover-animation-fade\" data-animationOffset=\"top-into-view\"><div class=\"heading heading-with-icon icon-left\"><a class=\"heading-link\" style=\"float:left;\" href=\"https:\/\/www.idpos.pl\/\" target=\"_self\"><div aria-hidden=\"true\" class=\"image\"><img src=\"https:\/\/aplikasa.pl\/wp-content\/uploads\/2024\/11\/idpos.png\" width=\"141\" height=\"40\" alt=\"\" \/><\/div><\/a><\/div><div class=\"fusion-clearfix\"><\/div><div class=\"content-container\">\n<p>iD POS<\/p>\n<p>to system oprogramowania dla gastronomii, kt\u00f3ry pozwala zachowa\u0107 Ci kontrol\u0119 nad biznesem 24\/7. Oprogramowanie jest kompatybilne z r\u00f3\u017cnymi urz\u0105dzeniami: od terminali, przez tablety, smartfony, a\u017c po najnowocze\u015bniejsze urz\u0105dzenia. Jego zainstalowanie umo\u017cliwia zarz\u0105dzanie Twoim lokalem ju\u017c za pomoc\u0105 kilku klikni\u0119\u0107!<\/p>\n<p>&nbsp;<\/p>\n<p>&nbsp;<\/p>\n<\/div><div class=\"fusion-clearfix\"><\/div><a class=\" fusion-read-more\" style=\"float:left;\" href=\"https:\/\/www.idpos.pl\/\" target=\"_self\">Przejd\u017a na stron\u0119 partnera<\/a><div class=\"fusion-clearfix\"><\/div><\/div><\/div><div class=\"fusion-clearfix\"><\/div><\/div><\/div><\/div><\/div><\/div>\n","protected":false},"excerpt":{"rendered":"","protected":false},"author":2,"featured_media":0,"parent":0,"menu_order":0,"comment_status":"closed","ping_status":"closed","template":"100-width.php","meta":{"footnotes":""},"_links":{"self":[{"href":"https:\/\/aplikasa.pl\/index.php\/wp-json\/wp\/v2\/pages\/437"}],"collection":[{"href":"https:\/\/aplikasa.pl\/index.php\/wp-json\/wp\/v2\/pages"}],"about":[{"href":"https:\/\/aplikasa.pl\/index.php\/wp-json\/wp\/v2\/types\/page"}],"author":[{"embeddable":true,"href":"https:\/\/aplikasa.pl\/index.php\/wp-json\/wp\/v2\/users\/2"}],"replies":[{"embeddable":true,"href":"https:\/\/aplikasa.pl\/index.php\/wp-json\/wp\/v2\/comments?post=437"}],"version-history":[{"count":12,"href":"https:\/\/aplikasa.pl\/index.php\/wp-json\/wp\/v2\/pages\/437\/revisions"}],"predecessor-version":[{"id":498,"href":"https:\/\/aplikasa.pl\/index.php\/wp-json\/wp\/v2\/pages\/437\/revisions\/498"}],"wp:attachment":[{"href":"https:\/\/aplikasa.pl\/index.php\/wp-json\/wp\/v2\/media?parent=437"}],"curies":[{"name":"wp","href":"https:\/\/api.w.org\/{rel}","templated":true}]}}