{"id":351,"date":"2023-08-10T11:44:50","date_gmt":"2023-08-10T11:44:50","guid":{"rendered":"https:\/\/aplikasa.pl\/?page_id=351"},"modified":"2026-02-27T10:00:19","modified_gmt":"2026-02-27T10:00:19","slug":"myjnie","status":"publish","type":"page","link":"https:\/\/aplikasa.pl\/index.php\/myjnie\/","title":{"rendered":"Myjnie"},"content":{"rendered":"<p><div class=\"fusion-fullwidth fullwidth-box fusion-builder-row-1 fusion-flex-container has-pattern-background has-mask-background nonhundred-percent-fullwidth non-hundred-percent-height-scrolling\" style=\"--awb-border-radius-top-left:0px;--awb-border-radius-top-right:0px;--awb-border-radius-bottom-right:0px;--awb-border-radius-bottom-left:0px;--awb-flex-wrap:wrap;\" ><div class=\"fusion-builder-row fusion-row fusion-flex-align-items-flex-start fusion-flex-content-wrap\" style=\"max-width:1248px;margin-left: calc(-4% \/ 2 );margin-right: calc(-4% \/ 2 );\"><div class=\"fusion-layout-column fusion_builder_column fusion-builder-column-0 fusion_builder_column_1_1 1_1 fusion-flex-column\" style=\"--awb-bg-size:cover;--awb-width-large:100%;--awb-margin-top-large:0px;--awb-spacing-right-large:1.92%;--awb-margin-bottom-large:20px;--awb-spacing-left-large:1.92%;--awb-width-medium:100%;--awb-order-medium:0;--awb-spacing-right-medium:1.92%;--awb-spacing-left-medium:1.92%;--awb-width-small:100%;--awb-order-small:0;--awb-spacing-right-small:1.92%;--awb-spacing-left-small:1.92%;\"><div class=\"fusion-column-wrapper fusion-column-has-shadow fusion-flex-justify-content-flex-start fusion-content-layout-column\"><div class=\"fusion-separator fusion-full-width-sep\" style=\"align-self: center;margin-left: auto;margin-right: auto;width:100%;\"><div class=\"fusion-separator-border sep-shadow\" style=\"--awb-height:20px;--awb-amount:20px;--awb-sep-color:var(--awb-color4);background:radial-gradient(ellipse at 50% -50% , var(--awb-color4) 0px, rgba(255, 255, 255, 0) 80%) repeat scroll 0 0 rgba(0, 0, 0, 0);background:-webkit-radial-gradient(ellipse at 50% -50% , var(--awb-color4) 0px, rgba(255, 255, 255, 0) 80%) repeat scroll 0 0 rgba(0, 0, 0, 0);background:-moz-radial-gradient(ellipse at 50% -50% , var(--awb-color4) 0px, rgba(255, 255, 255, 0) 80%) repeat scroll 0 0 rgba(0, 0, 0, 0);background:-o-radial-gradient(ellipse at 50% -50% , var(--awb-color4) 0px, rgba(255, 255, 255, 0) 80%) repeat scroll 0 0 rgba(0, 0, 0, 0);\"><\/div><\/div><\/div><\/div><\/div><\/div><div class=\"fusion-fullwidth fullwidth-box fusion-builder-row-2 fusion-flex-container has-pattern-background has-mask-background nonhundred-percent-fullwidth non-hundred-percent-height-scrolling\" style=\"--link_color: var(--awb-custom_color_4);--awb-border-radius-top-left:0px;--awb-border-radius-top-right:0px;--awb-border-radius-bottom-right:0px;--awb-border-radius-bottom-left:0px;--awb-padding-top:50px;--awb-padding-bottom:50px;--awb-background-color:var(--awb-color2);--awb-flex-wrap:wrap;\" ><div class=\"fusion-builder-row fusion-row fusion-flex-align-items-flex-start fusion-flex-content-wrap\" style=\"max-width:1248px;margin-left: calc(-4% \/ 2 );margin-right: calc(-4% \/ 2 );\"><div class=\"fusion-layout-column fusion_builder_column fusion-builder-column-1 fusion_builder_column_1_4 1_4 fusion-flex-column\" style=\"--awb-bg-size:cover;--awb-width-large:25%;--awb-margin-top-large:0px;--awb-spacing-right-large:7.68%;--awb-margin-bottom-large:20px;--awb-spacing-left-large:7.68%;--awb-width-medium:25%;--awb-order-medium:0;--awb-spacing-right-medium:7.68%;--awb-spacing-left-medium:7.68%;--awb-width-small:100%;--awb-order-small:0;--awb-spacing-right-small:1.92%;--awb-spacing-left-small:1.92%;\"><div class=\"fusion-column-wrapper fusion-column-has-shadow fusion-flex-justify-content-flex-start fusion-content-layout-column\"><div class=\"fusion-image-element \" style=\"--awb-mask-url: url(https:\/\/aplikasa.pl\/wp-content\/plugins\/fusion-builder\/\/assets\/images\/masks\/mask-17.svg);--awb-mask-size: cover;--awb-caption-title-font-family:var(--h2_typography-font-family);--awb-caption-title-font-weight:var(--h2_typography-font-weight);--awb-caption-title-font-style:var(--h2_typography-font-style);--awb-caption-title-size:var(--h2_typography-font-size);--awb-caption-title-transform:var(--h2_typography-text-transform);--awb-caption-title-line-height:var(--h2_typography-line-height);--awb-caption-title-letter-spacing:var(--h2_typography-letter-spacing);\"><div class=\"awb-image-frame awb-image-frame-1 imageframe-liftup hover-with-mask\"><span class=\" fusion-imageframe imageframe-none imageframe-1 has-mask\"><img decoding=\"async\" width=\"2560\" height=\"1707\" title=\"4870724\" src=\"https:\/\/aplikasa.pl\/wp-content\/uploads\/2023\/08\/4870724-scaled.jpg\" alt class=\"img-responsive wp-image-27\" srcset=\"https:\/\/aplikasa.pl\/wp-content\/uploads\/2023\/08\/4870724-200x133.jpg 200w, https:\/\/aplikasa.pl\/wp-content\/uploads\/2023\/08\/4870724-400x267.jpg 400w, https:\/\/aplikasa.pl\/wp-content\/uploads\/2023\/08\/4870724-600x400.jpg 600w, https:\/\/aplikasa.pl\/wp-content\/uploads\/2023\/08\/4870724-800x533.jpg 800w, https:\/\/aplikasa.pl\/wp-content\/uploads\/2023\/08\/4870724-1200x800.jpg 1200w, https:\/\/aplikasa.pl\/wp-content\/uploads\/2023\/08\/4870724-scaled.jpg 2560w\" sizes=\"(max-width: 640px) 100vw, 400px\" \/><\/span><\/div><\/div><\/div><\/div><div class=\"fusion-layout-column fusion_builder_column fusion-builder-column-2 fusion_builder_column_3_4 3_4 fusion-flex-column\" style=\"--awb-bg-size:cover;--awb-width-large:75%;--awb-margin-top-large:0px;--awb-spacing-right-large:2.56%;--awb-margin-bottom-large:20px;--awb-spacing-left-large:2.56%;--awb-width-medium:75%;--awb-order-medium:0;--awb-spacing-right-medium:2.56%;--awb-spacing-left-medium:2.56%;--awb-width-small:100%;--awb-order-small:0;--awb-spacing-right-small:1.92%;--awb-spacing-left-small:1.92%;\"><div class=\"fusion-column-wrapper fusion-column-has-shadow fusion-flex-justify-content-flex-start fusion-content-layout-column\"><div class=\"fusion-text fusion-text-1\"><p><span style=\"font-family: Lato; font-weight: 300; font-size: 36px;\" data-fusion-font=\"true\" data-fusion-google-font=\"Lato\" data-fusion-google-variant=\"300\">Kasa123 Aplikasa\u00ae dla myjni samoobs\u0142ugowych,<\/span><\/p>\n<p style=\"color: var(--awb-color6);\"><span style=\"font-size: 18px;\" data-fusion-font=\"true\">to kasa fiskalna w postaci oprogramowania (<\/span><b style=\"font-size: 18px;\" data-fusion-font=\"true\">aplikacji<\/b><span style=\"font-size: 18px;\" data-fusion-font=\"true\">) instalowana na urz\u0105dzeniu z systemem Android w wersji 8.0 lub wy\u017cszej.<br \/>\n<\/span><\/p>\n<p><span style=\"color: var(--awb-color6);\"><b style=\"font-size: 18px;\" data-fusion-font=\"true\">Kasa123 ApliKasa\u00ae <\/b><span style=\"font-size: 18px;\" data-fusion-font=\"true\">posiada<\/span><span style=\"font-size: 18px;\" data-fusion-font=\"true\"> wydan\u0105 przez G\u0142\u00f3wny Urz\u0105d Miar <b>pozytywn\u0105 decyzj\u0119<\/b> potwierdzaj\u0105c\u0105, \u017ce spe\u0142nia wymagania rozporz\u0105dzenia Ministra Finans\u00f3w z dnia 26 maja 2020 r. w sprawie kas rejestruj\u0105cych maj\u0105cych posta\u0107 oprogramowania (Dz. U. z 2020 r. poz. 957) dla kas o zastosowaniu specjalnym przeznaczonych do zainstalowania w urz\u0105dzeniach do automatycznej sprzeda\u017cy.<br \/>\n<\/span><\/span><\/p>\n<p><span style=\"color: var(--awb-color6);\"><span style=\"font-size: 18px;\" data-fusion-font=\"true\">Ze wzgl\u0119du<\/span><b style=\"font-size: 18px;\" data-fusion-font=\"true\"> <\/b><span style=\"font-size: 18px;\" data-fusion-font=\"true\">na swoj\u0105 specyfik\u0119 Kasa123 Aplikasa\u00ae nie posiada<\/span><b style=\"font-size: 18px;\" data-fusion-font=\"true\"> w\u0142asnego <\/b><span style=\"font-size: 18px;\" data-fusion-font=\"true\">interfejsu graficznego do prowadzenia sprzeda\u017cy.<\/span><b style=\"font-size: 18px;\" data-fusion-font=\"true\"> Jest zatem \u015bwietnym rozwi\u0105zaniem dla integrator\u00f3w lub producent\u00f3w myjni.<br \/>\n<\/b><\/span><\/p>\n<\/div><\/div><\/div><\/div><\/div><div class=\"fusion-fullwidth fullwidth-box fusion-builder-row-3 fusion-flex-container has-pattern-background has-mask-background nonhundred-percent-fullwidth non-hundred-percent-height-scrolling\" style=\"--link_color: var(--awb-custom_color_3);--awb-border-radius-top-left:0px;--awb-border-radius-top-right:0px;--awb-border-radius-bottom-right:0px;--awb-border-radius-bottom-left:0px;--awb-padding-top:50px;--awb-padding-bottom:50px;--awb-flex-wrap:wrap;\" ><div class=\"fusion-builder-row fusion-row fusion-flex-align-items-flex-start fusion-flex-content-wrap\" style=\"max-width:1248px;margin-left: calc(-4% \/ 2 );margin-right: calc(-4% \/ 2 );\"><div class=\"fusion-layout-column fusion_builder_column fusion-builder-column-3 fusion_builder_column_3_4 3_4 fusion-flex-column\" style=\"--awb-bg-size:cover;--awb-width-large:75%;--awb-margin-top-large:0px;--awb-spacing-right-large:2.56%;--awb-margin-bottom-large:20px;--awb-spacing-left-large:2.56%;--awb-width-medium:75%;--awb-order-medium:0;--awb-spacing-right-medium:2.56%;--awb-spacing-left-medium:2.56%;--awb-width-small:100%;--awb-order-small:0;--awb-spacing-right-small:1.92%;--awb-spacing-left-small:1.92%;\"><div class=\"fusion-column-wrapper fusion-column-has-shadow fusion-flex-justify-content-center fusion-content-layout-column\"><div class=\"fusion-content-boxes content-boxes columns row fusion-columns-1 fusion-columns-total-1 fusion-content-boxes-1 content-boxes-icon-on-top content-left has-flex-alignment fusion-delayed-animation\" style=\"--awb-backgroundcolor:var(--awb-color1);--awb-border-radius-top-left:6px;--awb-border-radius-top-right:6px;--awb-border-radius-bottom-right:6px;--awb-border-radius-bottom-left:6px;--awb-alignment:stretch;--awb-body-color:var(--awb-color6);--awb-title-color:var(--awb-color7);--awb-iconcolor:var(--awb-custom_color_5);--awb-hover-accent-color:hsla(var(--awb-custom_color_5-h),var(--awb-custom_color_5-s),calc(var(--awb-custom_color_5-l) - 20%),var(--awb-custom_color_5-a));--awb-circle-hover-accent-color:transparent;--awb-item-margin-bottom:40px;--awb-box-shadow:7px 7px 0px 0px var(--awb-custom_color_3);;\" data-animation-delay=\"300\" data-animationOffset=\"top-into-view\"><div style=\"--awb-backgroundcolor:var(--awb-color1);--awb-iconcolor:var(--awb-custom_color_4);\" class=\"fusion-column content-box-column content-box-column content-box-column-1 col-lg-12 col-md-12 col-sm-12 fusion-content-box-hover content-box-column-last content-box-column-last-in-row\"><div class=\"col content-box-wrapper content-wrapper-background link-area-link-icon content-icon-wrapper-yes icon-hover-animation-fade\" data-animationOffset=\"top-into-view\"><div class=\"heading heading-with-icon icon-left\"><div class=\"icon\" style=\"-webkit-animation-duration: 300ms;animation-duration: 300ms;\"><span ><i style=\"background-color:transparent;border-color:transparent;height:auto;width: 45px;line-height:normal;font-size:45px;\" aria-hidden=\"true\" class=\"fontawesome-icon fa-chart-line fas circle-no\"><\/i><\/span><\/div><h1 class=\"content-box-heading\" style=\"--h1_typography-font-size:32px;line-height:37px;\">Korzy\u015bci<\/h1><\/div><div class=\"fusion-clearfix\"><\/div><div class=\"content-container\">\n<ul>\n<li style=\"text-align: left;\">niskie koszty zakupu<\/li>\n<li style=\"text-align: left;\">niskie koszty utrzymania kasy<\/li>\n<li style=\"text-align: left;\">bezp\u0142atne aktualizacje wynikaj\u0105ce ze zmian obowi\u0105zuj\u0105cego prawodawstwa<\/li>\n<li style=\"text-align: left;\">pe\u0142na integracja z systemami sprzeda\u017cowymi dzi\u0119ki protoko\u0142owi API<\/li>\n<li style=\"text-align: left;\">mo\u017cliwo\u015b\u0107 pod\u0142\u0105czenia zewn\u0119trznej drukarki<\/li>\n<li style=\"text-align: left;\">mo\u017cliwo\u015b\u0107 wy\u015bwietlania paragonu na ekranie zamiast wydruku<\/li>\n<li style=\"text-align: left;\">bezp\u0142atna pomoc telefoniczna<\/li>\n<li style=\"text-align: left;\">brak koszt\u00f3w serwisu<\/li>\n<li style=\"text-align: left;\">brak limitu ilo\u015bci raport\u00f3w dobowych<\/li>\n<\/ul>\n<\/div><\/div><\/div><div class=\"fusion-clearfix\"><\/div><\/div><\/div><\/div><div class=\"fusion-layout-column fusion_builder_column fusion-builder-column-4 fusion_builder_column_1_4 1_4 fusion-flex-column\" style=\"--awb-bg-size:cover;--awb-width-large:25%;--awb-margin-top-large:0px;--awb-spacing-right-large:7.68%;--awb-margin-bottom-large:20px;--awb-spacing-left-large:7.68%;--awb-width-medium:25%;--awb-order-medium:0;--awb-spacing-right-medium:7.68%;--awb-spacing-left-medium:7.68%;--awb-width-small:100%;--awb-order-small:0;--awb-spacing-right-small:1.92%;--awb-spacing-left-small:1.92%;\"><div class=\"fusion-column-wrapper fusion-column-has-shadow fusion-flex-justify-content-flex-start fusion-content-layout-column\"><div class=\"fusion-image-element \" style=\"--awb-caption-title-font-family:var(--h2_typography-font-family);--awb-caption-title-font-weight:var(--h2_typography-font-weight);--awb-caption-title-font-style:var(--h2_typography-font-style);--awb-caption-title-size:var(--h2_typography-font-size);--awb-caption-title-transform:var(--h2_typography-text-transform);--awb-caption-title-line-height:var(--h2_typography-line-height);--awb-caption-title-letter-spacing:var(--h2_typography-letter-spacing);\"><span class=\" fusion-imageframe imageframe-none imageframe-2 hover-type-none\"><img decoding=\"async\" width=\"740\" height=\"1542\" title=\"telefon\" src=\"https:\/\/aplikasa.pl\/wp-content\/uploads\/2023\/08\/telefon.png\" alt class=\"img-responsive wp-image-317\" srcset=\"https:\/\/aplikasa.pl\/wp-content\/uploads\/2023\/08\/telefon-200x417.png 200w, https:\/\/aplikasa.pl\/wp-content\/uploads\/2023\/08\/telefon-400x834.png 400w, https:\/\/aplikasa.pl\/wp-content\/uploads\/2023\/08\/telefon-600x1250.png 600w, https:\/\/aplikasa.pl\/wp-content\/uploads\/2023\/08\/telefon.png 740w\" sizes=\"(max-width: 640px) 100vw, 400px\" \/><\/span><\/div><\/div><\/div><\/div><\/div><div class=\"fusion-fullwidth fullwidth-box fusion-builder-row-4 fusion-flex-container has-pattern-background has-mask-background nonhundred-percent-fullwidth non-hundred-percent-height-scrolling\" style=\"--link_color: var(--awb-custom_color_3);--awb-border-radius-top-left:0px;--awb-border-radius-top-right:0px;--awb-border-radius-bottom-right:0px;--awb-border-radius-bottom-left:0px;--awb-padding-top:50px;--awb-padding-bottom:50px;--awb-background-color:var(--awb-color2);--awb-flex-wrap:wrap;\" ><div class=\"fusion-builder-row fusion-row fusion-flex-align-items-flex-start fusion-flex-content-wrap\" style=\"max-width:1248px;margin-left: calc(-4% \/ 2 );margin-right: calc(-4% \/ 2 );\"><div class=\"fusion-layout-column fusion_builder_column fusion-builder-column-5 fusion_builder_column_1_1 1_1 fusion-flex-column\" style=\"--awb-bg-size:cover;--awb-width-large:100%;--awb-margin-top-large:0px;--awb-spacing-right-large:1.92%;--awb-margin-bottom-large:20px;--awb-spacing-left-large:1.92%;--awb-width-medium:100%;--awb-order-medium:0;--awb-spacing-right-medium:1.92%;--awb-spacing-left-medium:1.92%;--awb-width-small:100%;--awb-order-small:0;--awb-spacing-right-small:1.92%;--awb-spacing-left-small:1.92%;\"><div class=\"fusion-column-wrapper fusion-column-has-shadow fusion-flex-justify-content-flex-start fusion-content-layout-column\"><div class=\"fusion-title title fusion-title-1 fusion-sep-none fusion-title-text fusion-title-size-one\" style=\"--awb-text-color:#212326;\"><h1 class=\"fusion-title-heading title-heading-left\" style=\"margin:0;\"><span style=\"font-family: Newsreader; font-weight: 400;\" data-fusion-font=\"true\" data-fusion-google-font=\"Newsreader\" data-fusion-google-variant=\"400\">Jak zacz\u0105\u0107 wsp\u00f3\u0142prac\u0119<\/span><\/h1><\/div><\/div><\/div><div class=\"fusion-layout-column fusion_builder_column fusion-builder-column-6 fusion_builder_column_1_1 1_1 fusion-flex-column\" style=\"--awb-bg-size:cover;--awb-width-large:100%;--awb-margin-top-large:0px;--awb-spacing-right-large:1.92%;--awb-margin-bottom-large:20px;--awb-spacing-left-large:1.92%;--awb-width-medium:100%;--awb-order-medium:0;--awb-spacing-right-medium:1.92%;--awb-spacing-left-medium:1.92%;--awb-width-small:100%;--awb-order-small:0;--awb-spacing-right-small:1.92%;--awb-spacing-left-small:1.92%;\"><div class=\"fusion-column-wrapper fusion-column-has-shadow fusion-flex-justify-content-flex-start fusion-content-layout-column\"><div class=\"fusion-content-boxes content-boxes columns row fusion-columns-2 fusion-columns-total-2 fusion-content-boxes-2 content-boxes-icon-with-title content-left\" style=\"--awb-hover-accent-color:var(--awb-custom_color_4);--awb-circle-hover-accent-color:var(--awb-custom_color_4);\" data-animationOffset=\"top-into-view\"><div style=\"--awb-backgroundcolor:rgba(255,255,255,0);--awb-iconcolor:var(--awb-color1);\" class=\"fusion-column content-box-column content-box-column content-box-column-1 col-lg-6 col-md-6 col-sm-6 fusion-content-box-hover content-box-column-first-in-row\"><div class=\"col content-box-wrapper content-wrapper link-area-link-icon link-type-button icon-hover-animation-fade fusion-animated\" data-animationType=\"fadeInLeft\" data-animationDuration=\"2.5\" data-animationOffset=\"top-into-view\"><div class=\"heading heading-with-icon icon-left\"><a class=\"heading-link\" style=\"float:left;\" href=\"mailto:kontakt@kasa123.pl\" target=\"_blank\" rel=\"noopener noreferrer\"><div class=\"icon\"><i style=\"border-color:var(--awb-color8);border-width:0px;background-color:var(--awb-custom_color_3);box-sizing:content-box;height:40px;width:40px;line-height:40px;border-radius:50%;font-size:20px;\" aria-hidden=\"true\" class=\"fontawesome-icon fa-check fas circle-yes\"><\/i><\/div><h2 class=\"content-box-heading\" style=\"--h2_typography-font-size:24px;line-height:29px;\">Je\u017celi jeste\u015b integratorem lub producentem<\/h2><\/a><\/div><div class=\"fusion-clearfix\"><\/div><div class=\"content-container\">\n<p>Skontaktuj si\u0119 z nami pod numerem <a href=\"tel:0048221199123\">22 11 99 123, wew. 3<\/a> lub napisz do nas maila. Przeka\u017cemy wszelkie informacje o mo\u017cliwo\u015bci wsp\u00f3\u0142pracy.<\/p>\n<\/div><div class=\"fusion-clearfix\"><\/div><a class=\"fusion-read-more-button fusion-content-box-button fusion-button button-default fusion-button-default-size button- button-flat\" style=\"float:left;\" href=\"mailto:kontakt@kasa123.pl\" target=\"_blank\" rel=\"noopener noreferrer\"><span class=\"fusion-button-text\">napisz do nas<\/span><\/a><div class=\"fusion-clearfix\"><\/div><\/div><\/div><div style=\"--awb-backgroundcolor:rgba(255,255,255,0);--awb-iconcolor:var(--awb-color1);\" class=\"fusion-column content-box-column content-box-column content-box-column-2 col-lg-6 col-md-6 col-sm-6 fusion-content-box-hover content-box-column-last content-box-column-last-in-row\"><div class=\"col content-box-wrapper content-wrapper link-area-link-icon link-type-button icon-hover-animation-fade fusion-animated\" data-animationType=\"fadeInLeft\" data-animationDuration=\"2.5\" data-animationOffset=\"top-into-view\"><div class=\"heading heading-with-icon icon-left\"><a class=\"heading-link\" style=\"float:left;\" href=\"https:\/\/aplikasa.pl\/index.php\/myjnie-i-automaty-sprzedazowe\/\" target=\"_self\"><div class=\"icon\"><i style=\"border-color:var(--awb-color8);border-width:0px;background-color:var(--awb-custom_color_3);box-sizing:content-box;height:40px;width:40px;line-height:40px;border-radius:50%;font-size:20px;\" aria-hidden=\"true\" class=\"fontawesome-icon fa-ban fas circle-yes\"><\/i><\/div><h2 class=\"content-box-heading\" style=\"--h2_typography-font-size:24px;line-height:29px;\">Je\u017celi jeste\u015b w\u0142a\u015bcicielem myjni<\/h2><\/a><\/div><div class=\"fusion-clearfix\"><\/div><div class=\"content-container\">\n<p>Musisz skontaktowa\u0107 si\u0119 z jednym z integrator\u00f3w naszej kasy. Sprawd\u017a list\u0119 naszych partner\u00f3w i skorzystaj z oferty.<\/p>\n<\/div><div class=\"fusion-clearfix\"><\/div><a class=\"fusion-read-more-button fusion-content-box-button fusion-button button-default fusion-button-default-size button- button-flat\" style=\"float:left;\" href=\"https:\/\/aplikasa.pl\/index.php\/myjnie-i-automaty-sprzedazowe\/\" target=\"_self\"><span class=\"fusion-button-text\">Odwied\u017a stron\u0119<\/span><\/a><div class=\"fusion-clearfix\"><\/div><\/div><\/div><div class=\"fusion-clearfix\"><\/div><\/div><\/div><\/div><\/div><\/div><\/p>\n","protected":false},"excerpt":{"rendered":"","protected":false},"author":2,"featured_media":0,"parent":0,"menu_order":0,"comment_status":"closed","ping_status":"closed","template":"100-width.php","meta":{"footnotes":""},"_links":{"self":[{"href":"https:\/\/aplikasa.pl\/index.php\/wp-json\/wp\/v2\/pages\/351"}],"collection":[{"href":"https:\/\/aplikasa.pl\/index.php\/wp-json\/wp\/v2\/pages"}],"about":[{"href":"https:\/\/aplikasa.pl\/index.php\/wp-json\/wp\/v2\/types\/page"}],"author":[{"embeddable":true,"href":"https:\/\/aplikasa.pl\/index.php\/wp-json\/wp\/v2\/users\/2"}],"replies":[{"embeddable":true,"href":"https:\/\/aplikasa.pl\/index.php\/wp-json\/wp\/v2\/comments?post=351"}],"version-history":[{"count":11,"href":"https:\/\/aplikasa.pl\/index.php\/wp-json\/wp\/v2\/pages\/351\/revisions"}],"predecessor-version":[{"id":544,"href":"https:\/\/aplikasa.pl\/index.php\/wp-json\/wp\/v2\/pages\/351\/revisions\/544"}],"wp:attachment":[{"href":"https:\/\/aplikasa.pl\/index.php\/wp-json\/wp\/v2\/media?parent=351"}],"curies":[{"name":"wp","href":"https:\/\/api.w.org\/{rel}","templated":true}]}}